{"id":2109,"date":"2020-01-24T15:09:45","date_gmt":"2020-01-24T15:09:45","guid":{"rendered":"http:\/\/heinrichsgruppe.de\/?page_id=2109"},"modified":"2023-08-15T11:29:34","modified_gmt":"2023-08-15T11:29:34","slug":"milbenstube","status":"publish","type":"page","link":"https:\/\/milbenstube.de\/?page_id=2109","title":{"rendered":"Ausstattung"},"content":{"rendered":"<p>Damit beim Tr\u00e4umen der gute Schlaf nicht zu kurz kommt, bietet unsere &#8222;Milbenstube&#8220; neben der nostalgischen Gem\u00fctlichkeit auch eine komfortable Innenausstattung.<\/p>\n<p>&nbsp;<\/p>\n<p><strong>Ausstattung:<\/strong><br \/>\n2 komfortable Betten ca. 80 x 200cm (nat\u00fcrlich mit frischer Bettw\u00e4sche)<br \/>\n240V Stromanschluss<br \/>\nRadio mit USB-Anschluss<br \/>\nEsstisch f\u00fcr 2 Personen<br \/>\nMinik\u00fcche mit Geschirr und Besteck<br \/>\nWasserkocher<br \/>\nKaffeemaschine<br \/>\nK\u00fchlschrank<br \/>\nKochplatte<br \/>\nHolzofen f\u00fcr kalte N\u00e4chte<br \/>\nWC und Waschm\u00f6glichkeit (im Nebengeb\u00e4ude)<\/p>\n<p><strong>Im Preis enthalten:<\/strong><br \/>\nFr\u00fchst\u00fcck<br \/>\nBettw\u00e4sche und Handt\u00fccher<br \/>\nNebenkosten (Strom) und Endreinigung<br \/>\nPKW-Stellplatz oder Fahrradbox (sofern verf\u00fcgbar)<\/p>\n<p>Nur mit einem reichhaltigen Fr\u00fchst\u00fcck kann man kraftvoll in den Tag starten! Deshalb ist es f\u00fcr uns selbstverst\u00e4ndlich, dass dies in der Zeit von 8:00-10:00 Uhr (nach vorheriger Absprache)\u00a0\u00a0ohne Aufpreis im Nebengeb\u00e4ude gereicht wird.<\/p>\n<p>Wir bereiten Ihnen gern ein herzhaftes kontinentalisches Fr\u00fchst\u00fcck, wenn m\u00f6glich mit Produkten aus der Region (z.Bsp. Eier aus Heinrich\u2019s H\u00fchnerwelt, Imkerhonig aus Walternienburg).<\/p>\n<p>F\u00fcr Fr\u00fchaufsteher oder Langschl\u00e4fer bereiten wir alternativ ein Lunchpaket f\u00fcr unterwegs.<\/p>\n<p>Dar\u00fcber hinausgehende Erwartungen und Bed\u00fcrfnisse (z.Bsp. vegane oder glutenfreie Ern\u00e4hrung) k\u00f6nnen wir nur nach intensiver Vorabsprache mit hinreichend zeitlichem Vorlauf\u00a0 realisieren, da wir derlei Angebote grunds\u00e4tzlich nicht im Tagesangebot vorhalten k\u00f6nnen.<\/p>\n<p>Wir bitten um Ihr Verst\u00e4ndnis.<\/p>\n","protected":false},"excerpt":{"rendered":"<p>Damit beim Tr\u00e4umen der gute Schlaf nicht zu kurz kommt, bietet unsere &#8222;Milbenstube&#8220; neben der nostalgischen Gem\u00fctlichkeit auch eine komfortable Innenausstattung. &nbsp; Ausstattung: 2 komfortable Betten ca. 80 x 200cm (nat\u00fcrlich mit frischer Bettw\u00e4sche) 240V Stromanschluss Radio mit USB-Anschluss Esstisch f\u00fcr 2 Personen Minik\u00fcche mit Geschirr und Besteck Wasserkocher Kaffeemaschine K\u00fchlschrank Kochplatte Holzofen f\u00fcr kalte [&hellip;]<\/p>\n","protected":false},"author":1,"featured_media":2257,"parent":0,"menu_order":0,"comment_status":"closed","ping_status":"closed","template":"","meta":{"footnotes":""},"class_list":["post-2109","page","type-page","status-publish","has-post-thumbnail","hentry"],"_links":{"self":[{"href":"https:\/\/milbenstube.de\/index.php?rest_route=\/wp\/v2\/pages\/2109","targetHints":{"allow":["GET"]}}],"collection":[{"href":"https:\/\/milbenstube.de\/index.php?rest_route=\/wp\/v2\/pages"}],"about":[{"href":"https:\/\/milbenstube.de\/index.php?rest_route=\/wp\/v2\/types\/page"}],"author":[{"embeddable":true,"href":"https:\/\/milbenstube.de\/index.php?rest_route=\/wp\/v2\/users\/1"}],"replies":[{"embeddable":true,"href":"https:\/\/milbenstube.de\/index.php?rest_route=%2Fwp%2Fv2%2Fcomments&post=2109"}],"version-history":[{"count":8,"href":"https:\/\/milbenstube.de\/index.php?rest_route=\/wp\/v2\/pages\/2109\/revisions"}],"predecessor-version":[{"id":2327,"href":"https:\/\/milbenstube.de\/index.php?rest_route=\/wp\/v2\/pages\/2109\/revisions\/2327"}],"wp:featuredmedia":[{"embeddable":true,"href":"https:\/\/milbenstube.de\/index.php?rest_route=\/wp\/v2\/media\/2257"}],"wp:attachment":[{"href":"https:\/\/milbenstube.de\/index.php?rest_route=%2Fwp%2Fv2%2Fmedia&parent=2109"}],"curies":[{"name":"wp","href":"https:\/\/api.w.org\/{rel}","templated":true}]}}