{"id":2282,"date":"2020-03-03T14:47:09","date_gmt":"2020-03-03T14:47:09","guid":{"rendered":"https:\/\/milbenstube.de\/?page_id=2282"},"modified":"2026-01-09T12:47:14","modified_gmt":"2026-01-09T12:47:14","slug":"ueber-uns-anfahrt","status":"publish","type":"page","link":"https:\/\/milbenstube.de\/?page_id=2282","title":{"rendered":"\u00dcber uns \/ Anfahrt"},"content":{"rendered":"<h3>Unsere Heimat \u2013 Walternienburg<\/h3>\n<p>Walternienburg ist nicht nur sch\u00f6n am Rande der Elbe- und Nuthewiesen gelegen, sondern auch gepr\u00e4gt durch Vielfalt und vorhandene Infrastruktur. So liegt Walternienburg direkt an Elbe- und Fl\u00e4mingradweg, die Elbe wird durch Elbf\u00e4hre und Br\u00fccke Barby hier zum \u00fcberwindbaren Fluss. Gerade von Besuchern aus Westelbien wird unsere sch\u00f6ne Natur als Grund f\u00fcr das Ausflugsziel Walternienburg benannt.<\/p>\n<p>Neben Grundschule und KiTa laden inzwischen unsere diversen Angebote wie z.Bsp. Kanarienwelt, Blumenwelt, H\u00fchnerwelt oder Hasenwelt schon an den Ortseing\u00e4ngen zum Verweilen ein. Die historische und in den letzten Jahren aufwendig neugestaltete Burganlage mit Amtsturm und Markt- \/Festscheune sowie die gerade fertiggestellte Arche, als \u00f6ffentlicher Raum f\u00fcr Einwohner und G\u00e4ste, heben Walternienburg von vielen anderen Ortschaften in Ostelbien ab.<\/p>\n<p>Sehr gern m\u00f6chten wir Ihnen die \u00fcber 200 Herrnhuter Sterne in unserem Dorf, jeweilig vom ersten Advent bis zum Dreik\u00f6nigstag, pr\u00e4sentieren und laden Sie deshalb herzlich ein, unseren Ort mit Ihrem Besuch zu beehren. Ein Ausflug, den viele andere G\u00e4ste bislang als lohnenswert in Erinnerung behalten haben.<\/p>\n<div id=\"wrapper-9cd199b9cc5410cd3b1ad21cab2e54d3\">\n<div id=\"map-9cd199b9cc5410cd3b1ad21cab2e54d3\" style=\"text-align: center;\">Planen Sie Ihre Route zu uns: <a href=\"https:\/\/www.google.com\/maps\/dir\/\/51.96581,11.93703\/@51.96581,11.93703,10z?hl=de-DE\" target=\"_blank\" rel=\"noopener noreferrer\">Google Routenplaner<\/a><\/div>\n<\/div>\n<p><script>\n!function(){let e=document.currentScript,r=document.createElement(\"script\");\nr.src=\"https:\/\/1map.com\/js\/script-for-user.js?embed_id=1324689\",\nr.async=!0,r.onload=()=>window.OneMap.initMap({anchor: e}),e.parentNode.insertBefore(r,e)}();\n<\/script><\/p>\n","protected":false},"excerpt":{"rendered":"<p>Unsere Heimat \u2013 Walternienburg Walternienburg ist nicht nur sch\u00f6n am Rande der Elbe- und Nuthewiesen gelegen, sondern auch gepr\u00e4gt durch Vielfalt und vorhandene Infrastruktur. So liegt Walternienburg direkt an Elbe- und Fl\u00e4mingradweg, die Elbe wird durch Elbf\u00e4hre und Br\u00fccke Barby hier zum \u00fcberwindbaren Fluss. Gerade von Besuchern aus Westelbien wird unsere sch\u00f6ne Natur als Grund [&hellip;]<\/p>\n","protected":false},"author":1,"featured_media":0,"parent":0,"menu_order":0,"comment_status":"closed","ping_status":"closed","template":"","meta":{"footnotes":""},"class_list":["post-2282","page","type-page","status-publish","hentry"],"_links":{"self":[{"href":"https:\/\/milbenstube.de\/index.php?rest_route=\/wp\/v2\/pages\/2282","targetHints":{"allow":["GET"]}}],"collection":[{"href":"https:\/\/milbenstube.de\/index.php?rest_route=\/wp\/v2\/pages"}],"about":[{"href":"https:\/\/milbenstube.de\/index.php?rest_route=\/wp\/v2\/types\/page"}],"author":[{"embeddable":true,"href":"https:\/\/milbenstube.de\/index.php?rest_route=\/wp\/v2\/users\/1"}],"replies":[{"embeddable":true,"href":"https:\/\/milbenstube.de\/index.php?rest_route=%2Fwp%2Fv2%2Fcomments&post=2282"}],"version-history":[{"count":8,"href":"https:\/\/milbenstube.de\/index.php?rest_route=\/wp\/v2\/pages\/2282\/revisions"}],"predecessor-version":[{"id":3563,"href":"https:\/\/milbenstube.de\/index.php?rest_route=\/wp\/v2\/pages\/2282\/revisions\/3563"}],"wp:attachment":[{"href":"https:\/\/milbenstube.de\/index.php?rest_route=%2Fwp%2Fv2%2Fmedia&parent=2282"}],"curies":[{"name":"wp","href":"https:\/\/api.w.org\/{rel}","templated":true}]}}